{"id":1122,"date":"2023-10-17T09:35:15","date_gmt":"2023-10-17T07:35:15","guid":{"rendered":"https:\/\/imperiallounge.es\/?page_id=1122"},"modified":"2024-11-01T08:29:54","modified_gmt":"2024-11-01T07:29:54","slug":"galerie","status":"publish","type":"page","link":"https:\/\/imperiallounge.es\/ro\/galerie\/","title":{"rendered":"Galerie foto"},"content":{"rendered":"[vc_row type=&#8221;full_width_background&#8221; full_screen_row_position=&#8221;middle&#8221; column_margin=&#8221;default&#8221; column_direction=&#8221;default&#8221; column_direction_tablet=&#8221;default&#8221; column_direction_phone=&#8221;default&#8221; scene_position=&#8221;center&#8221; top_padding=&#8221;5%&#8221; bottom_padding=&#8221;5%&#8221; text_color=&#8221;dark&#8221; text_align=&#8221;left&#8221; row_border_radius=&#8221;none&#8221; row_border_radius_applies=&#8221;bg&#8221; overflow=&#8221;visible&#8221; overlay_strength=&#8221;0.3&#8243; gradient_direction=&#8221;left_to_right&#8221; shape_divider_position=&#8221;bottom&#8221; bg_image_animation=&#8221;none&#8221; shape_type=&#8221;&#8221;][vc_column column_padding=&#8221;no-extra-padding&#8221; column_padding_tablet=&#8221;inherit&#8221; column_padding_phone=&#8221;inherit&#8221; column_padding_position=&#8221;all&#8221; column_element_spacing=&#8221;default&#8221; background_color_opacity=&#8221;1&#8243; background_hover_color_opacity=&#8221;1&#8243; column_shadow=&#8221;none&#8221; column_border_radius=&#8221;none&#8221; column_link_target=&#8221;_self&#8221; column_position=&#8221;default&#8221; gradient_direction=&#8221;left_to_right&#8221; overlay_strength=&#8221;0.3&#8243; width=&#8221;1\/4&#8243; tablet_width_inherit=&#8221;default&#8221; tablet_text_alignment=&#8221;default&#8221; phone_text_alignment=&#8221;default&#8221; animation_type=&#8221;default&#8221; bg_image_animation=&#8221;none&#8221; border_type=&#8221;simple&#8221; column_border_width=&#8221;none&#8221; column_border_style=&#8221;solid&#8221;][\/vc_column][vc_column column_padding=&#8221;no-extra-padding&#8221; column_padding_tablet=&#8221;inherit&#8221; column_padding_phone=&#8221;inherit&#8221; column_padding_position=&#8221;all&#8221; column_element_spacing=&#8221;default&#8221; background_color_opacity=&#8221;1&#8243; background_hover_color_opacity=&#8221;1&#8243; column_shadow=&#8221;none&#8221; column_border_radius=&#8221;none&#8221; column_link_target=&#8221;_self&#8221; column_position=&#8221;default&#8221; gradient_direction=&#8221;left_to_right&#8221; overlay_strength=&#8221;0.3&#8243; width=&#8221;1\/2&#8243; tablet_width_inherit=&#8221;default&#8221; tablet_text_alignment=&#8221;default&#8221; phone_text_alignment=&#8221;default&#8221; animation_type=&#8221;default&#8221; bg_image_animation=&#8221;none&#8221; border_type=&#8221;simple&#8221; column_border_width=&#8221;none&#8221; column_border_style=&#8221;solid&#8221;][nectar_highlighted_text color_type=&#8221;regular&#8221; highlight_color=&#8221;rgba(234,195,59,0.43)&#8221; style=&#8221;half_text&#8221;]\n<h2 style=\"text-align: center;\">Arunca\u021bi o privire la galeria noastr\u0103.<\/h2>\n[\/nectar_highlighted_text][vc_column_text]\n<p style=\"text-align: center;\">Chiar dac\u0103 sunte\u021bi \u00een mi\u0219care \u0219i nu pute\u021bi z\u0103bovi pentru un mic dejun sau o mas\u0103 complet\u0103, pute\u021bi savura una dintre b\u0103uturile noastre, o experien\u021b\u0103 mai rapid\u0103, dar la fel de pl\u0103cut\u0103.<\/p>\n<p style=\"text-align: center;\">Fie c\u0103 sunte\u021bi \u00een vacan\u021b\u0103 sau un pasionat de fitness \u00een c\u0103utarea unui suc revitalizant \u0219i revigorant, fie c\u0103 sunte\u021bi un cunosc\u0103tor de cafea care dore\u0219te s\u0103 ia unul pentru a se deplasa la serviciu, echipa noastr\u0103, care include personalul calificat din buc\u0103t\u0103rie, se angajeaz\u0103 s\u0103 v\u0103 \u00eendeplineasc\u0103 dorin\u021bele.<\/p>\n<p style=\"text-align: center;\">Combin\u0103m flerul nostru distinct cu un rafinament atemporal, asigur\u00e2ndu-ne c\u0103 \u00eent\u00e2lnirea dumneavoastr\u0103 cu noi r\u0103m\u00e2ne de neuitat.<\/p>\n[\/vc_column_text][\/vc_column][vc_column column_padding=&#8221;no-extra-padding&#8221; column_padding_tablet=&#8221;inherit&#8221; column_padding_phone=&#8221;inherit&#8221; column_padding_position=&#8221;all&#8221; column_element_spacing=&#8221;default&#8221; background_color_opacity=&#8221;1&#8243; background_hover_color_opacity=&#8221;1&#8243; column_shadow=&#8221;none&#8221; column_border_radius=&#8221;none&#8221; column_link_target=&#8221;_self&#8221; column_position=&#8221;default&#8221; gradient_direction=&#8221;left_to_right&#8221; overlay_strength=&#8221;0.3&#8243; width=&#8221;1\/4&#8243; tablet_width_inherit=&#8221;default&#8221; tablet_text_alignment=&#8221;default&#8221; phone_text_alignment=&#8221;default&#8221; animation_type=&#8221;default&#8221; bg_image_animation=&#8221;none&#8221; border_type=&#8221;simple&#8221; column_border_width=&#8221;none&#8221; column_border_style=&#8221;solid&#8221;][\/vc_column][\/vc_row][vc_row type=&#8221;full_width_content&#8221; full_screen_row_position=&#8221;middle&#8221; column_margin=&#8221;default&#8221; column_direction=&#8221;default&#8221; column_direction_tablet=&#8221;default&#8221; column_direction_phone=&#8221;default&#8221; scene_position=&#8221;center&#8221; text_color=&#8221;dark&#8221; text_align=&#8221;left&#8221; row_border_radius=&#8221;none&#8221; row_border_radius_applies=&#8221;bg&#8221; overflow=&#8221;visible&#8221; advanced_gradient_angle=&#8221;0&#8243; overlay_strength=&#8221;0.3&#8243; gradient_direction=&#8221;left_to_right&#8221; shape_divider_position=&#8221;bottom&#8221; bg_image_animation=&#8221;none&#8221; gradient_type=&#8221;default&#8221; shape_type=&#8221;&#8221;][vc_column column_padding=&#8221;no-extra-padding&#8221; column_padding_tablet=&#8221;inherit&#8221; column_padding_phone=&#8221;inherit&#8221; column_padding_position=&#8221;all&#8221; column_element_spacing=&#8221;0px&#8221; background_color_opacity=&#8221;1&#8243; background_hover_color_opacity=&#8221;1&#8243; column_shadow=&#8221;none&#8221; column_border_radius=&#8221;none&#8221; column_link_target=&#8221;_self&#8221; column_position=&#8221;default&#8221; advanced_gradient_angle=&#8221;0&#8243; gradient_direction=&#8221;left_to_right&#8221; overlay_strength=&#8221;0.3&#8243; width=&#8221;1\/1&#8243; tablet_width_inherit=&#8221;default&#8221; tablet_text_alignment=&#8221;default&#8221; phone_text_alignment=&#8221;default&#8221; animation_type=&#8221;default&#8221; enable_animation=&#8221;true&#8221; animation=&#8221;fade-in&#8221; mobile_disable_entrance_animation=&#8221;true&#8221; bg_image_animation=&#8221;none&#8221; border_type=&#8221;simple&#8221; column_border_width=&#8221;none&#8221; column_border_style=&#8221;solid&#8221; gradient_type=&#8221;default&#8221; delay=&#8221;800&#8243;][vc_gallery type=&#8221;flickity_static_height_style&#8221; images=&#8221;1416,1413,1410,1407,1404,1401,1398,1395,1392,1389,1359,1362,1365,1368,1371,1374,1377,1380,1383,1386,1356,1353,1350,1347,1344,1341&#8243; flickity_spacing=&#8221;10px&#8221; flickity_controls=&#8221;touch_total_alt&#8221; flickity_touch_total_style=&#8221;solid_bg&#8221; flickity_touch_total_indicator_bg_color=&#8221;#f4ece2&#8243; flickity_touch_total_indicator_icon_color=&#8221;#eac33b&#8221; flickity_overflow=&#8221;hidden&#8221; flickity_wrap_around=&#8221;wrap&#8221; flickity_image_parallax=&#8221;true&#8221; flickity_free_scroll=&#8221;true&#8221; flickity_autoplay=&#8221;true&#8221; flickity_box_shadow=&#8221;none&#8221; image_loading=&#8221;default&#8221; onclick=&#8221;link_image&#8221; flickity_img_height=&#8221;70vh&#8221; flickity_img_small_desktop_height=&#8221;70vh&#8221; flickity_img_tablet_height=&#8221;40vh&#8221; flickity_img_mobile_height=&#8221;250px&#8221;][\/vc_column][\/vc_row]\n","protected":false},"excerpt":{"rendered":"<p>[vc_row type=&#8221;full_width_background&#8221; full_screen_row_position=&#8221;middle&#8221; column_margin=&#8221;default&#8221; column_direction=&#8221;default&#8221; column_direction_tablet=&#8221;default&#8221; column_direction_phone=&#8221;default&#8221; scene_position=&#8221;center&#8221; top_padding=&#8221;5%&#8221; bottom_padding=&#8221;5%&#8221; text_color=&#8221;dark&#8221; text_align=&#8221;left&#8221; row_border_radius=&#8221;none&#8221; row_border_radius_applies=&#8221;bg&#8221; overflow=&#8221;visible&#8221;&#8230;<\/p>\n","protected":false},"author":1,"featured_media":0,"parent":0,"menu_order":0,"comment_status":"closed","ping_status":"open","template":"","meta":{"_monsterinsights_skip_tracking":false,"_monsterinsights_sitenote_active":false,"_monsterinsights_sitenote_note":"","_monsterinsights_sitenote_category":0,"footnotes":""},"class_list":["post-1122","page","type-page","status-publish"],"yoast_head":"<!-- This site is optimized with the Yoast SEO plugin v26.8 - https:\/\/yoast.com\/product\/yoast-seo-wordpress\/ -->\n<title>Galerie foto<\/title>\n<meta name=\"robots\" content=\"index, follow, max-snippet:-1, max-image-preview:large, max-video-preview:-1\" \/>\n<link rel=\"canonical\" href=\"https:\/\/imperiallounge.es\/ro\/galerie\/\" \/>\n<meta property=\"og:locale\" content=\"ro_RO\" \/>\n<meta property=\"og:type\" content=\"article\" \/>\n<meta property=\"og:title\" content=\"Galerie foto\" \/>\n<meta property=\"og:description\" content=\"[vc_row type=&#8221;full_width_background&#8221; full_screen_row_position=&#8221;middle&#8221; column_margin=&#8221;default&#8221; column_direction=&#8221;default&#8221; column_direction_tablet=&#8221;default&#8221; column_direction_phone=&#8221;default&#8221; scene_position=&#8221;center&#8221; top_padding=&#8221;5%&#8221; bottom_padding=&#8221;5%&#8221; text_color=&#8221;dark&#8221; text_align=&#8221;left&#8221; row_border_radius=&#8221;none&#8221; row_border_radius_applies=&#8221;bg&#8221; overflow=&#8221;visible&#8221;...\" \/>\n<meta property=\"og:url\" content=\"https:\/\/imperiallounge.es\/ro\/galerie\/\" \/>\n<meta property=\"og:site_name\" content=\"Imperial Lounge Marbella\" \/>\n<meta property=\"article:publisher\" content=\"https:\/\/www.facebook.com\/imperialloungemarbella\" \/>\n<meta property=\"article:modified_time\" content=\"2024-11-01T07:29:54+00:00\" \/>\n<meta property=\"og:image\" content=\"https:\/\/imperiallounge.es\/wp-content\/uploads\/2023\/10\/imperial-lounge-reserva-de-marbella-5.jpeg\" \/>\n\t<meta property=\"og:image:width\" content=\"1024\" \/>\n\t<meta property=\"og:image:height\" content=\"768\" \/>\n\t<meta property=\"og:image:type\" content=\"image\/jpeg\" \/>\n<meta name=\"twitter:card\" content=\"summary_large_image\" \/>\n<meta name=\"twitter:label1\" content=\"Timp estimat pentru citire\" \/>\n\t<meta name=\"twitter:data1\" content=\"3 minute\" \/>\n<script type=\"application\/ld+json\" class=\"yoast-schema-graph\">{\"@context\":\"https:\/\/schema.org\",\"@graph\":[{\"@type\":\"WebPage\",\"@id\":\"https:\/\/imperiallounge.es\/ro\/galerie\/\",\"url\":\"https:\/\/imperiallounge.es\/ro\/galerie\/\",\"name\":\"Galerie foto\",\"isPartOf\":{\"@id\":\"https:\/\/imperiallounge.es\/#website\"},\"datePublished\":\"2023-10-17T07:35:15+00:00\",\"dateModified\":\"2024-11-01T07:29:54+00:00\",\"breadcrumb\":{\"@id\":\"https:\/\/imperiallounge.es\/ro\/galerie\/#breadcrumb\"},\"inLanguage\":\"ro-RO\",\"potentialAction\":[{\"@type\":\"ReadAction\",\"target\":[\"https:\/\/imperiallounge.es\/ro\/galerie\/\"]}]},{\"@type\":\"BreadcrumbList\",\"@id\":\"https:\/\/imperiallounge.es\/ro\/galerie\/#breadcrumb\",\"itemListElement\":[{\"@type\":\"ListItem\",\"position\":1,\"name\":\"Home\",\"item\":\"https:\/\/imperiallounge.es\/ro\/\"},{\"@type\":\"ListItem\",\"position\":2,\"name\":\"Galerie foto\"}]},{\"@type\":\"WebSite\",\"@id\":\"https:\/\/imperiallounge.es\/#website\",\"url\":\"https:\/\/imperiallounge.es\/\",\"name\":\"Imperial Lounge Marbella\",\"description\":\"\",\"publisher\":{\"@id\":\"https:\/\/imperiallounge.es\/#organization\"},\"alternateName\":\"Imperial Lounge Marbella\",\"potentialAction\":[{\"@type\":\"SearchAction\",\"target\":{\"@type\":\"EntryPoint\",\"urlTemplate\":\"https:\/\/imperiallounge.es\/?s={search_term_string}\"},\"query-input\":{\"@type\":\"PropertyValueSpecification\",\"valueRequired\":true,\"valueName\":\"search_term_string\"}}],\"inLanguage\":\"ro-RO\"},{\"@type\":\"Organization\",\"@id\":\"https:\/\/imperiallounge.es\/#organization\",\"name\":\"Imperial Lounge Marbella\",\"alternateName\":\"Imperial Lounge Marbella\",\"url\":\"https:\/\/imperiallounge.es\/\",\"logo\":{\"@type\":\"ImageObject\",\"inLanguage\":\"ro-RO\",\"@id\":\"https:\/\/imperiallounge.es\/#\/schema\/logo\/image\/\",\"url\":\"https:\/\/imperiallounge.es\/wp-content\/uploads\/2023\/10\/Diseno-sin-titulo-4-e1697276135678.png\",\"contentUrl\":\"https:\/\/imperiallounge.es\/wp-content\/uploads\/2023\/10\/Diseno-sin-titulo-4-e1697276135678.png\",\"width\":286,\"height\":130,\"caption\":\"Imperial Lounge Marbella\"},\"image\":{\"@id\":\"https:\/\/imperiallounge.es\/#\/schema\/logo\/image\/\"},\"sameAs\":[\"https:\/\/www.facebook.com\/imperialloungemarbella\",\"https:\/\/www.tripadvisor.es\/Restaurant_Review-g187439-d26790126-Reviews-Imperial_Lounge-Marbella_Costa_del_Sol_Province_of_Malaga_Andalucia.html\",\"https:\/\/www.google.es\/search?q=imperial lounge marbella&sca_esv=576380766&source=hp&ei=EKg4Zb3HL8WfkdUPhfe-8Ag&iflsig=AO6bgOgAAAAAZTi2IFbK_j64EqLCh24hqh-nqyFQQW1W&ved=0ahUKEwi9j-iTvJCCAxXFT6QEHYW7D44Q4dUDCAw&uact=5&oq=imperial lounge marbella&gs_lp=Egdnd3Mtd2l6IhhpbXBlcmlhbCBsb3VuZ2UgbWFyYmVsbGEyBhAAGBYYHkjFGVAAWLQYcAB4AJABAJgBbqABiBGqAQQyMC40uAEDyAEA-AEBwgILEAAYgAQYsQMYgwHCAhEQLhiABBixAxiDARjHARjRA8ICCxAuGIoFGLEDGIMBwgILEAAYigUYsQMYgwHCAgUQABiABMICCBAAGIAEGLEDwgIOEAAYgAQYsQMYgwEYyQPCAggQABiKBRiSA8ICCxAuGIAEGLEDGIMBwgIREC4YgAQYsQMYgwEYxwEYrwHCAggQLhiABBixA8ICERAuGIoFGLEDGIMBGMcBGK8BwgILEC4YgAQYxwEYrwHCAggQABiKBRixA8ICDhAuGIoFGLEDGMcBGK8BwgIREC4YgwEYxwEYsQMY0QMYgATCAggQLhixAxiABMICCxAuGIAEGMcBGNEDwgILEC4YgwEYsQMYgATCAgUQLhiABMICBxAAGBMYgATCAggQABgWGB4YEw&sclient=gws-wiz\"]}]}<\/script>\n<!-- \/ Yoast SEO plugin. -->","yoast_head_json":{"title":"Galerie foto","robots":{"index":"index","follow":"follow","max-snippet":"max-snippet:-1","max-image-preview":"max-image-preview:large","max-video-preview":"max-video-preview:-1"},"canonical":"https:\/\/imperiallounge.es\/ro\/galerie\/","og_locale":"ro_RO","og_type":"article","og_title":"Galerie foto","og_description":"[vc_row type=&#8221;full_width_background&#8221; full_screen_row_position=&#8221;middle&#8221; column_margin=&#8221;default&#8221; column_direction=&#8221;default&#8221; column_direction_tablet=&#8221;default&#8221; column_direction_phone=&#8221;default&#8221; scene_position=&#8221;center&#8221; top_padding=&#8221;5%&#8221; bottom_padding=&#8221;5%&#8221; text_color=&#8221;dark&#8221; text_align=&#8221;left&#8221; row_border_radius=&#8221;none&#8221; row_border_radius_applies=&#8221;bg&#8221; overflow=&#8221;visible&#8221;...","og_url":"https:\/\/imperiallounge.es\/ro\/galerie\/","og_site_name":"Imperial Lounge Marbella","article_publisher":"https:\/\/www.facebook.com\/imperialloungemarbella","article_modified_time":"2024-11-01T07:29:54+00:00","og_image":[{"width":1024,"height":768,"url":"https:\/\/imperiallounge.es\/wp-content\/uploads\/2023\/10\/imperial-lounge-reserva-de-marbella-5.jpeg","type":"image\/jpeg"}],"twitter_card":"summary_large_image","twitter_misc":{"Timp estimat pentru citire":"3 minute"},"schema":{"@context":"https:\/\/schema.org","@graph":[{"@type":"WebPage","@id":"https:\/\/imperiallounge.es\/ro\/galerie\/","url":"https:\/\/imperiallounge.es\/ro\/galerie\/","name":"Galerie foto","isPartOf":{"@id":"https:\/\/imperiallounge.es\/#website"},"datePublished":"2023-10-17T07:35:15+00:00","dateModified":"2024-11-01T07:29:54+00:00","breadcrumb":{"@id":"https:\/\/imperiallounge.es\/ro\/galerie\/#breadcrumb"},"inLanguage":"ro-RO","potentialAction":[{"@type":"ReadAction","target":["https:\/\/imperiallounge.es\/ro\/galerie\/"]}]},{"@type":"BreadcrumbList","@id":"https:\/\/imperiallounge.es\/ro\/galerie\/#breadcrumb","itemListElement":[{"@type":"ListItem","position":1,"name":"Home","item":"https:\/\/imperiallounge.es\/ro\/"},{"@type":"ListItem","position":2,"name":"Galerie foto"}]},{"@type":"WebSite","@id":"https:\/\/imperiallounge.es\/#website","url":"https:\/\/imperiallounge.es\/","name":"Imperial Lounge Marbella","description":"","publisher":{"@id":"https:\/\/imperiallounge.es\/#organization"},"alternateName":"Imperial Lounge Marbella","potentialAction":[{"@type":"SearchAction","target":{"@type":"EntryPoint","urlTemplate":"https:\/\/imperiallounge.es\/?s={search_term_string}"},"query-input":{"@type":"PropertyValueSpecification","valueRequired":true,"valueName":"search_term_string"}}],"inLanguage":"ro-RO"},{"@type":"Organization","@id":"https:\/\/imperiallounge.es\/#organization","name":"Imperial Lounge Marbella","alternateName":"Imperial Lounge Marbella","url":"https:\/\/imperiallounge.es\/","logo":{"@type":"ImageObject","inLanguage":"ro-RO","@id":"https:\/\/imperiallounge.es\/#\/schema\/logo\/image\/","url":"https:\/\/imperiallounge.es\/wp-content\/uploads\/2023\/10\/Diseno-sin-titulo-4-e1697276135678.png","contentUrl":"https:\/\/imperiallounge.es\/wp-content\/uploads\/2023\/10\/Diseno-sin-titulo-4-e1697276135678.png","width":286,"height":130,"caption":"Imperial Lounge Marbella"},"image":{"@id":"https:\/\/imperiallounge.es\/#\/schema\/logo\/image\/"},"sameAs":["https:\/\/www.facebook.com\/imperialloungemarbella","https:\/\/www.tripadvisor.es\/Restaurant_Review-g187439-d26790126-Reviews-Imperial_Lounge-Marbella_Costa_del_Sol_Province_of_Malaga_Andalucia.html","https:\/\/www.google.es\/search?q=imperial lounge marbella&sca_esv=576380766&source=hp&ei=EKg4Zb3HL8WfkdUPhfe-8Ag&iflsig=AO6bgOgAAAAAZTi2IFbK_j64EqLCh24hqh-nqyFQQW1W&ved=0ahUKEwi9j-iTvJCCAxXFT6QEHYW7D44Q4dUDCAw&uact=5&oq=imperial lounge marbella&gs_lp=Egdnd3Mtd2l6IhhpbXBlcmlhbCBsb3VuZ2UgbWFyYmVsbGEyBhAAGBYYHkjFGVAAWLQYcAB4AJABAJgBbqABiBGqAQQyMC40uAEDyAEA-AEBwgILEAAYgAQYsQMYgwHCAhEQLhiABBixAxiDARjHARjRA8ICCxAuGIoFGLEDGIMBwgILEAAYigUYsQMYgwHCAgUQABiABMICCBAAGIAEGLEDwgIOEAAYgAQYsQMYgwEYyQPCAggQABiKBRiSA8ICCxAuGIAEGLEDGIMBwgIREC4YgAQYsQMYgwEYxwEYrwHCAggQLhiABBixA8ICERAuGIoFGLEDGIMBGMcBGK8BwgILEC4YgAQYxwEYrwHCAggQABiKBRixA8ICDhAuGIoFGLEDGMcBGK8BwgIREC4YgwEYxwEYsQMY0QMYgATCAggQLhixAxiABMICCxAuGIAEGMcBGNEDwgILEC4YgwEYsQMYgATCAgUQLhiABMICBxAAGBMYgATCAggQABgWGB4YEw&sclient=gws-wiz"]}]}},"_links":{"self":[{"href":"https:\/\/imperiallounge.es\/ro\/wp-json\/wp\/v2\/pages\/1122","targetHints":{"allow":["GET"]}}],"collection":[{"href":"https:\/\/imperiallounge.es\/ro\/wp-json\/wp\/v2\/pages"}],"about":[{"href":"https:\/\/imperiallounge.es\/ro\/wp-json\/wp\/v2\/types\/page"}],"author":[{"embeddable":true,"href":"https:\/\/imperiallounge.es\/ro\/wp-json\/wp\/v2\/users\/1"}],"replies":[{"embeddable":true,"href":"https:\/\/imperiallounge.es\/ro\/wp-json\/wp\/v2\/comments?post=1122"}],"version-history":[{"count":5,"href":"https:\/\/imperiallounge.es\/ro\/wp-json\/wp\/v2\/pages\/1122\/revisions"}],"predecessor-version":[{"id":1420,"href":"https:\/\/imperiallounge.es\/ro\/wp-json\/wp\/v2\/pages\/1122\/revisions\/1420"}],"wp:attachment":[{"href":"https:\/\/imperiallounge.es\/ro\/wp-json\/wp\/v2\/media?parent=1122"}],"curies":[{"name":"wp","href":"https:\/\/api.w.org\/{rel}","templated":true}]}}